{"id":5632,"date":"2017-12-04T17:15:09","date_gmt":"2017-12-04T16:15:09","guid":{"rendered":"https:\/\/reza.photo\/livre\/lelegance-du-feu\/"},"modified":"2023-10-30T17:45:01","modified_gmt":"2023-10-30T16:45:01","slug":"lelegance-du-feu","status":"publish","type":"page","link":"https:\/\/reza.photo\/fr\/livre\/lelegance-du-feu\/","title":{"rendered":"L&#8217;\u00c9l\u00e9gance du feu"},"content":{"rendered":"<div class=\"cols-wrapper cols-2 one3-two3\">\n<div class=\"cols-wrapper cols-2 one3-two3\">\n<div class=\"col\">\n<p><img decoding=\"async\" loading=\"lazy\" class=\"alignnone wp-image-3523 size-full\" src=\"http:\/\/reza.photo\/wp-content\/uploads\/2017\/11\/elegance.png\" alt=\"\" width=\"400\" height=\"400\" srcset=\"https:\/\/reza.photo\/wp-content\/uploads\/2017\/11\/elegance.png 400w, https:\/\/reza.photo\/wp-content\/uploads\/2017\/11\/elegance-150x150.png 150w, https:\/\/reza.photo\/wp-content\/uploads\/2017\/11\/elegance-300x300.png 300w\" sizes=\"(max-width: 400px) 100vw, 400px\" \/><\/p>\n<\/div>\n<div class=\"col nomargin\">\n<p style=\"text-align: justify;\"><b>L&#8217;\u00c9l\u00e9gance du feu<\/b><\/p>\n<p class=\"p2\">Le monde est devenu mon pays. Je la parcours en tant que photographe et je suis t\u00e9moin de sa d\u00e9rive entre la guerre et la paix. Mon port d&#8217;attache est Paris, mais je t\u00e9moigne des blessures de notre humanit\u00e9 dans son ensemble.<\/p>\n<p class=\"p2\">En 1987, j&#8217;ai \u00e9t\u00e9 invit\u00e9 \u00e0 Bakou et j&#8217;\u00e9tais tr\u00e8s impatient de d\u00e9couvrir la ville. Je savais que j&#8217;y trouverais un \u00e9cho de mon enfance. C&#8217;\u00e9tait la premi\u00e8re fois que je me rendais en Azerba\u00efdjan, et par la suite j&#8217;y suis all\u00e9 souvent, couvrant pour les m\u00e9dias internationaux les moments d\u00e9cisifs et tragiques de l&#8217;histoire du pays en 1990 et 1992.<\/p>\n<p class=\"p2\">Au cours des d\u00e9cennies suivantes, j&#8217;ai rencontr\u00e9 des gens des villes et des montagnes en traversant un pays que je voulais d\u00e9couvrir et explorer de mes propres yeux.<\/p>\n<p class=\"p2\">L&#8217;\u00e9l\u00e9gance du feu est un voyage visuel et po\u00e9tique, un t\u00e9moignage pictural de l&#8217;\u00e9volution du pays, de la vari\u00e9t\u00e9 et de la richesse de son identit\u00e9 culturelle ancestrale.<\/p>\n<p class=\"p1\">Azerba\u00efdjan, L&#8217;\u00c9l\u00e9gance du feu par REZA. Azerba\u00efdjan, L&#8217;\u00c9l\u00e9gance du feu par REZA.<\/p>\n<p class=\"p1\">Disponible sur : <a href=\"http:\/\/www.webistan.com\/\">www.webistan.biz.<\/a> <a href=\"mailto:info@webistan.com\">(info@webistan.com)<\/a><\/p>\n<ul>\n<li class=\"p1\">Taille : 450&#215;345 mm<\/li>\n<li class=\"p1\">Nombre de pages : 296 pages<\/li>\n<li class=\"p1\">Date de publication : Novembre 2014<\/li>\n<li class=\"p1\">ISBN : 978-9952-499-00-1<\/li>\n<li class=\"p1\">Couverture : Rigide<\/li>\n<\/ul>\n<p><img decoding=\"async\" class=\"cols-default column-option column-option-btn\" title=\"Modifier la mise en page\" src=\"http:\/\/reza.photo\/wp-content\/themes\/thestory\/functions\/formatting-buttons\/btnicons\/bg.png\" data-mce-placeholder=\"1\" data-opt=\"cols-default\"><img decoding=\"async\" class=\"one3-two3 column-option column-option-btn\" title=\"Modifier la mise en page\" src=\"http:\/\/reza.photo\/wp-content\/themes\/thestory\/functions\/formatting-buttons\/btnicons\/bg.png\" data-mce-placeholder=\"1\" data-opt=\"one3-two3\"><img decoding=\"async\" class=\"two3-one3 column-option column-option-btn\" title=\"Modifier la mise en page\" src=\"http:\/\/reza.photo\/wp-content\/themes\/thestory\/functions\/formatting-buttons\/btnicons\/bg.png\" data-mce-placeholder=\"1\" data-opt=\"two3-one3\"><img decoding=\"async\" class=\"delete-columns column-option-btn\" title=\"Supprimer des colonnes\" src=\"http:\/\/reza.photo\/wp-content\/themes\/thestory\/functions\/formatting-buttons\/btnicons\/bg.png\" data-mce-placeholder=\"1\"><\/p>\n<\/div>\n<\/div>\n<\/div>\n","protected":false},"excerpt":{"rendered":"<p>L&#8217;\u00c9l\u00e9gance du feu Le monde est devenu mon pays. Je la parcours en tant que photographe et je suis t\u00e9moin [&hellip;]<\/p>\n","protected":false},"author":1,"featured_media":0,"parent":5630,"menu_order":0,"comment_status":"closed","ping_status":"closed","template":"","meta":{"footnotes":""},"_links":{"self":[{"href":"https:\/\/reza.photo\/fr\/wp-json\/wp\/v2\/pages\/5632"}],"collection":[{"href":"https:\/\/reza.photo\/fr\/wp-json\/wp\/v2\/pages"}],"about":[{"href":"https:\/\/reza.photo\/fr\/wp-json\/wp\/v2\/types\/page"}],"author":[{"embeddable":true,"href":"https:\/\/reza.photo\/fr\/wp-json\/wp\/v2\/users\/1"}],"replies":[{"embeddable":true,"href":"https:\/\/reza.photo\/fr\/wp-json\/wp\/v2\/comments?post=5632"}],"version-history":[{"count":2,"href":"https:\/\/reza.photo\/fr\/wp-json\/wp\/v2\/pages\/5632\/revisions"}],"predecessor-version":[{"id":5635,"href":"https:\/\/reza.photo\/fr\/wp-json\/wp\/v2\/pages\/5632\/revisions\/5635"}],"up":[{"embeddable":true,"href":"https:\/\/reza.photo\/fr\/wp-json\/wp\/v2\/pages\/5630"}],"wp:attachment":[{"href":"https:\/\/reza.photo\/fr\/wp-json\/wp\/v2\/media?parent=5632"}],"curies":[{"name":"wp","href":"https:\/\/api.w.org\/{rel}","templated":true}]}}