{"id":5636,"date":"2018-01-11T15:07:27","date_gmt":"2018-01-11T14:07:27","guid":{"rendered":"https:\/\/reza.photo\/livre\/entre-guerre-et-paix\/"},"modified":"2018-01-11T15:07:27","modified_gmt":"2018-01-11T14:07:27","slug":"entre-guerre-et-paix","status":"publish","type":"page","link":"https:\/\/reza.photo\/fr\/livre\/entre-guerre-et-paix\/","title":{"rendered":"Entre Guerre et Paix"},"content":{"rendered":"<div class=\"cols-wrapper cols-2 one3-two3\">\n<div class=\"col\">\n<p><img decoding=\"async\" loading=\"lazy\" class=\"wp-image-3983 size-full\" src=\"http:\/\/reza.photo\/wp-content\/uploads\/2017\/12\/book_entre-gurre-et-paix.png\" alt=\"book_entre-gurre-et-paix\" width=\"400\" height=\"400\" srcset=\"https:\/\/reza.photo\/wp-content\/uploads\/2017\/12\/book_entre-gurre-et-paix.png 400w, https:\/\/reza.photo\/wp-content\/uploads\/2017\/12\/book_entre-gurre-et-paix-150x150.png 150w, https:\/\/reza.photo\/wp-content\/uploads\/2017\/12\/book_entre-gurre-et-paix-300x300.png 300w\" sizes=\"(max-width: 400px) 100vw, 400px\" \/><\/p>\n<\/div>\n<div class=\"col nomargin\">\n<p style=\"text-align: justify;\"><strong>Entre Guerre et Paix<br \/>\nREZA WAR + PEACE<\/strong>: Le voyage d&#8217;un photographe<\/p>\n<p>WASHINGTON (23 septembre 2008) &#8211; Reza, photojournaliste et humanitaire prim\u00e9, a consacr\u00e9 sa vie \u00e0 t\u00e9moigner, \u00e0 travers son appareil photo, des luttes et des espoirs des peuples opprim\u00e9s du monde entier. Dans <strong>REZA WAR + PEACE<\/strong> (National Geographic Focal Point ; ISBN 978-1-4262-0326-8 ; 18 nov. 2008 ; $75), une r\u00e9trospective de 30 ans de son travail, ce remarquable photographe fait la chronique de ses voyages dans des lieux de conflit \u00e0 travers des images exquises qui associent l&#8217;agitation \u00e0 l&#8217;espoir, la joie au d\u00e9sespoir.<\/p>\n<p>Le livre, qui comprend une introduction de l&#8217;ami de Reza, l&#8217;auteur \u00e0 succ\u00e8s Sebastian Junger, retrace la carri\u00e8re courageuse de Reza sur les lignes de front de la guerre et des zones de troubles en tant que photojournaliste pour des publications telles que National Geographic, Newsweek et Time.<\/p>\n<p>Le parcours de Reza l&#8217;a men\u00e9 de son Iran natal, o\u00f9 il a \u00e9t\u00e9 emprisonn\u00e9 et tortur\u00e9 en raison de ses photographies, \u00e0 des dizaines de pays en proie \u00e0 des troubles &#8211; du Kurdistan \u00e0 l&#8217;\u00c9gypte, du Liban \u00e0 la Turquie, de la Chine \u00e0 Isra\u00ebl, de la Somalie \u00e0 l&#8217;Afrique du Sud. \u00c0 travers son objectif, qui saisit non seulement les conflits, mais aussi l&#8217;amiti\u00e9, la loyaut\u00e9, la vie de famille et l&#8217;amour, il nous emm\u00e8ne dans des r\u00e9gions telles que le nord du Pakistan, o\u00f9 le choc culturel et l&#8217;incompr\u00e9hension mutuelle creusent le foss\u00e9 entre l&#8217;arm\u00e9e am\u00e9ricaine et les habitants des zones tribales ; L&#8217;Arabie saoudite, gouvern\u00e9e par des princes riches en p\u00e9trole dont la vie opulente contraste fortement avec celle des &#8220;travailleurs invit\u00e9s&#8221; qui sont \u00e0 leur service, et l&#8217;Afghanistan, dont la terre et le peuple ont profond\u00e9ment touch\u00e9 Reza, l&#8217;aidant \u00e0 trouver son chemin dans le labyrinthe de sa propre vie de nomade.<\/p>\n<\/div>\n<\/div>\n<p>&nbsp;<\/p>\n","protected":false},"excerpt":{"rendered":"<p>Entre Guerre et Paix REZA WAR + PEACE: Le voyage d&#8217;un photographe WASHINGTON (23 septembre 2008) &#8211; Reza, photojournaliste et [&hellip;]<\/p>\n","protected":false},"author":1,"featured_media":0,"parent":5630,"menu_order":0,"comment_status":"closed","ping_status":"closed","template":"","meta":{"footnotes":""},"_links":{"self":[{"href":"https:\/\/reza.photo\/fr\/wp-json\/wp\/v2\/pages\/5636"}],"collection":[{"href":"https:\/\/reza.photo\/fr\/wp-json\/wp\/v2\/pages"}],"about":[{"href":"https:\/\/reza.photo\/fr\/wp-json\/wp\/v2\/types\/page"}],"author":[{"embeddable":true,"href":"https:\/\/reza.photo\/fr\/wp-json\/wp\/v2\/users\/1"}],"replies":[{"embeddable":true,"href":"https:\/\/reza.photo\/fr\/wp-json\/wp\/v2\/comments?post=5636"}],"version-history":[{"count":0,"href":"https:\/\/reza.photo\/fr\/wp-json\/wp\/v2\/pages\/5636\/revisions"}],"up":[{"embeddable":true,"href":"https:\/\/reza.photo\/fr\/wp-json\/wp\/v2\/pages\/5630"}],"wp:attachment":[{"href":"https:\/\/reza.photo\/fr\/wp-json\/wp\/v2\/media?parent=5636"}],"curies":[{"name":"wp","href":"https:\/\/api.w.org\/{rel}","templated":true}]}}