{"id":5637,"date":"2017-12-04T17:28:11","date_gmt":"2017-12-04T16:28:11","guid":{"rendered":"https:\/\/reza.photo\/livre\/kurdistan-renaissance\/"},"modified":"2023-10-30T17:51:14","modified_gmt":"2023-10-30T16:51:14","slug":"kurdistan-renaissance","status":"publish","type":"page","link":"https:\/\/reza.photo\/fr\/livre\/kurdistan-renaissance\/","title":{"rendered":"Kurdistan, Renaissance"},"content":{"rendered":"<div class=\"cols-wrapper cols-2 one3-two3\">\n<div class=\"cols-wrapper cols-2 cols-default\">\n<div class=\"col\">\n<p><img decoding=\"async\" loading=\"lazy\" class=\"wp-image-3994 size-full\" src=\"http:\/\/reza.photo\/wp-content\/uploads\/2017\/12\/book_kurdistan-reanaissance.png\" alt=\"AA\" width=\"400\" height=\"400\" srcset=\"https:\/\/reza.photo\/wp-content\/uploads\/2017\/12\/book_kurdistan-reanaissance.png 400w, https:\/\/reza.photo\/wp-content\/uploads\/2017\/12\/book_kurdistan-reanaissance-150x150.png 150w, https:\/\/reza.photo\/wp-content\/uploads\/2017\/12\/book_kurdistan-reanaissance-300x300.png 300w\" sizes=\"(max-width: 400px) 100vw, 400px\" \/><\/p>\n<\/div>\n<div class=\"col nomargin\">\n<p style=\"text-align: justify;\"><b>Kurdistan<br \/>\nRenaissance<\/b><\/p>\n<p class=\"p1\">Depuis 2013, au fil de plusieurs reportages au long cours, le photographe Reza a explor\u00e9 en profondeur une r\u00e9gion qui reste relativement peu connue malgr\u00e9 le r\u00f4le cl\u00e9 qu&#8217;elle joue dans l&#8217;\u00e9quilibre des pouvoirs au Moyen-Orient. Au Kurdistan irakien, il a \u00e9t\u00e9 t\u00e9moin d&#8217;un pays et d&#8217;un peuple vivant sur la corde raide entre la guerre et la paix, conciliant leur histoire et leurs traditions ancestrales avec un d\u00e9sir de modernit\u00e9 sociale et \u00e9conomique, et faisant face aux douleurs et aux blessures inflig\u00e9es au peuple kurde dans le pass\u00e9 et \u00e0 leur espoir in\u00e9branlable d&#8217;une reconnaissance de leur identit\u00e9. Le livre <em>Kurdistan Renaissance<\/em>, auquel Webistan a particip\u00e9, offre un regard intime et exclusif sur ce peuple et cette r\u00e9gion fascinants.<\/p>\n<p><span style=\"color: #993300;\"><strong>Commander :<\/strong><\/span> <a href=\"https:\/\/webistan.biz\/produit\/kurdistan-renaissance?lang=en\" target=\"_blank\" rel=\"noopener\"><b>Kurdistan, Renaissance<\/b><\/a><\/p>\n<\/div>\n<\/div>\n<\/div>\n","protected":false},"excerpt":{"rendered":"<p>Kurdistan Renaissance Depuis 2013, au fil de plusieurs reportages au long cours, le photographe Reza a explor\u00e9 en profondeur une [&hellip;]<\/p>\n","protected":false},"author":1,"featured_media":0,"parent":5630,"menu_order":0,"comment_status":"closed","ping_status":"closed","template":"","meta":{"footnotes":""},"_links":{"self":[{"href":"https:\/\/reza.photo\/fr\/wp-json\/wp\/v2\/pages\/5637"}],"collection":[{"href":"https:\/\/reza.photo\/fr\/wp-json\/wp\/v2\/pages"}],"about":[{"href":"https:\/\/reza.photo\/fr\/wp-json\/wp\/v2\/types\/page"}],"author":[{"embeddable":true,"href":"https:\/\/reza.photo\/fr\/wp-json\/wp\/v2\/users\/1"}],"replies":[{"embeddable":true,"href":"https:\/\/reza.photo\/fr\/wp-json\/wp\/v2\/comments?post=5637"}],"version-history":[{"count":1,"href":"https:\/\/reza.photo\/fr\/wp-json\/wp\/v2\/pages\/5637\/revisions"}],"predecessor-version":[{"id":5638,"href":"https:\/\/reza.photo\/fr\/wp-json\/wp\/v2\/pages\/5637\/revisions\/5638"}],"up":[{"embeddable":true,"href":"https:\/\/reza.photo\/fr\/wp-json\/wp\/v2\/pages\/5630"}],"wp:attachment":[{"href":"https:\/\/reza.photo\/fr\/wp-json\/wp\/v2\/media?parent=5637"}],"curies":[{"name":"wp","href":"https:\/\/api.w.org\/{rel}","templated":true}]}}