{"id":5642,"date":"2018-04-23T14:31:31","date_gmt":"2018-04-23T12:31:31","guid":{"rendered":"https:\/\/reza.photo\/100-photos-de-reza-pour-la-liberte-de-la-presse\/"},"modified":"2023-10-31T11:14:31","modified_gmt":"2023-10-31T10:14:31","slug":"100-photos-de-reza-pour-la-liberte-de-la-presse","status":"publish","type":"page","link":"https:\/\/reza.photo\/fr\/100-photos-de-reza-pour-la-liberte-de-la-presse\/","title":{"rendered":"100 Photos de REZA pour la libert\u00e9 de la presse"},"content":{"rendered":"<div class=\"cols-wrapper cols-2 one3-two3\">\n<div class=\"cols-wrapper cols-2 one3-two3\">\n<div class=\"col\">\n<p><img decoding=\"async\" loading=\"lazy\" class=\"wp-image-3981 size-full\" src=\"http:\/\/reza.photo\/wp-content\/uploads\/2017\/12\/book_rsf.png\" alt=\"book_rsf\" width=\"400\" height=\"400\" srcset=\"https:\/\/reza.photo\/wp-content\/uploads\/2017\/12\/book_rsf.png 400w, https:\/\/reza.photo\/wp-content\/uploads\/2017\/12\/book_rsf-150x150.png 150w, https:\/\/reza.photo\/wp-content\/uploads\/2017\/12\/book_rsf-300x300.png 300w\" sizes=\"(max-width: 400px) 100vw, 400px\" \/><\/p>\n<\/div>\n<div class=\"col nomargin\">\n<p style=\"text-align: justify;\"><b>100 Photos de REZA pour la libert\u00e9 de la presse<\/b><\/p>\n<p style=\"text-align: justify;\">Reza parcourt le monde depuis plus de 20 ans. P\u00e8lerin de l&#8217;authenticit\u00e9&#8221;, il sait capter sur la pellicule les expressions et la lumi\u00e8re, ainsi que les moments marquants de la vie et du destin des habitants des pays qu&#8217;il visite. Publi\u00e9 par le prestigieux magazine National Geographic, il est le fondateur d&#8217;Aina, une ONG qui aide les m\u00e9dias afghans.<\/p>\n<p style=\"text-align: justify;\">Ressortissant iranien arr\u00eat\u00e9 par la Savak, la police politique du Shah, \u00e0 cause de ses photos, Reza a pass\u00e9 trois ans en prison en Iran et est aujourd&#8217;hui un exil\u00e9 bas\u00e9 \u00e0 Paris. Il a \u00e9t\u00e9 condamn\u00e9 par les mollahs de la R\u00e9publique islamique en 1981 pour avoir pris des photos qui d\u00e9non\u00e7aient les abus du nouveau r\u00e9gime.<\/p>\n<p style=\"text-align: justify;\">Reza soutient Reporters sans fronti\u00e8res en d\u00e9diant 100 de ses plus belles photos \u00e0 la cause de la libert\u00e9 de la presse.<\/p>\n<p>&nbsp;<\/p>\n<ul>\n<li>Taille : 210 x 290 mm<\/li>\n<li>Nombre de pages : 144 pages<\/li>\n<li>Date de publication : Septembre 2008<\/li>\n<li>ISBN : 978-2-915536-72-0<\/li>\n<li>\u00c9diteur : Reporters sans fronti\u00e8res<\/li>\n<li>Couverture : Flexible<\/li>\n<\/ul>\n<p style=\"text-align: justify;\"><strong> <\/strong><\/p>\n<p><img decoding=\"async\" class=\"cols-default column-option column-option-btn\" title=\"Modifier la mise en page\" src=\"http:\/\/reza.photo\/wp-content\/themes\/thestory\/functions\/formatting-buttons\/btnicons\/bg.png\" data-mce-placeholder=\"1\" data-opt=\"cols-default\"><img decoding=\"async\" class=\"one3-two3 column-option column-option-btn\" title=\"Modifier la mise en page\" src=\"http:\/\/reza.photo\/wp-content\/themes\/thestory\/functions\/formatting-buttons\/btnicons\/bg.png\" data-mce-placeholder=\"1\" data-opt=\"one3-two3\"><img decoding=\"async\" class=\"two3-one3 column-option column-option-btn\" title=\"Modifier la mise en page\" src=\"http:\/\/reza.photo\/wp-content\/themes\/thestory\/functions\/formatting-buttons\/btnicons\/bg.png\" data-mce-placeholder=\"1\" data-opt=\"two3-one3\"><img decoding=\"async\" class=\"delete-columns column-option-btn\" title=\"Supprimer des colonnes\" src=\"http:\/\/reza.photo\/wp-content\/themes\/thestory\/functions\/formatting-buttons\/btnicons\/bg.png\" data-mce-placeholder=\"1\"><\/p>\n<\/div>\n<\/div>\n<p>&nbsp;<\/p>\n<\/div>\n","protected":false},"excerpt":{"rendered":"<p>100 Photos de REZA pour la libert\u00e9 de la presse Reza parcourt le monde depuis plus de 20 ans. P\u00e8lerin [&hellip;]<\/p>\n","protected":false},"author":1,"featured_media":0,"parent":0,"menu_order":0,"comment_status":"closed","ping_status":"closed","template":"","meta":{"footnotes":""},"_links":{"self":[{"href":"https:\/\/reza.photo\/fr\/wp-json\/wp\/v2\/pages\/5642"}],"collection":[{"href":"https:\/\/reza.photo\/fr\/wp-json\/wp\/v2\/pages"}],"about":[{"href":"https:\/\/reza.photo\/fr\/wp-json\/wp\/v2\/types\/page"}],"author":[{"embeddable":true,"href":"https:\/\/reza.photo\/fr\/wp-json\/wp\/v2\/users\/1"}],"replies":[{"embeddable":true,"href":"https:\/\/reza.photo\/fr\/wp-json\/wp\/v2\/comments?post=5642"}],"version-history":[{"count":1,"href":"https:\/\/reza.photo\/fr\/wp-json\/wp\/v2\/pages\/5642\/revisions"}],"predecessor-version":[{"id":5662,"href":"https:\/\/reza.photo\/fr\/wp-json\/wp\/v2\/pages\/5642\/revisions\/5662"}],"wp:attachment":[{"href":"https:\/\/reza.photo\/fr\/wp-json\/wp\/v2\/media?parent=5642"}],"curies":[{"name":"wp","href":"https:\/\/api.w.org\/{rel}","templated":true}]}}