{"id":5643,"date":"2017-12-04T17:10:50","date_gmt":"2017-12-04T16:10:50","guid":{"rendered":"https:\/\/reza.photo\/livre\/kurdes-les-chants-brules\/"},"modified":"2023-10-30T18:04:30","modified_gmt":"2023-10-30T17:04:30","slug":"kurdes-les-chants-brules","status":"publish","type":"page","link":"https:\/\/reza.photo\/fr\/livre\/kurdes-les-chants-brules\/","title":{"rendered":"Kurdes, Les chants Br\u00fbl\u00e9s"},"content":{"rendered":"<div class=\"cols-wrapper cols-2 one3-two3\">\n<div class=\"cols-wrapper cols-2 one3-two3\">\n<div class=\"col\">\n<p><img decoding=\"async\" loading=\"lazy\" class=\"alignnone wp-image-3978 size-full\" src=\"http:\/\/reza.photo\/wp-content\/uploads\/2017\/12\/book_chants-brules.png\" alt=\"\" width=\"400\" height=\"400\" srcset=\"https:\/\/reza.photo\/wp-content\/uploads\/2017\/12\/book_chants-brules.png 400w, https:\/\/reza.photo\/wp-content\/uploads\/2017\/12\/book_chants-brules-150x150.png 150w, https:\/\/reza.photo\/wp-content\/uploads\/2017\/12\/book_chants-brules-300x300.png 300w\" sizes=\"(max-width: 400px) 100vw, 400px\" \/><\/p>\n<\/div>\n<div class=\"col nomargin\">\n<p style=\"text-align: justify;\"><b>Kurdes, Les Chants Br\u00fbl\u00e9s<\/b><\/p>\n<p id=\"internal-source-marker_0.2595634942820584\" dir=\"ltr\" style=\"text-align: justify;\">Ils sont entre 12 et 25 millions, personne ne conna\u00eet le chiffre exact, r\u00e9partis entre l&#8217;Iran, l&#8217;Irak, la Turquie et la Syrie. Leurs villages et leurs champs sont syst\u00e9matiquement br\u00fbl\u00e9s, les habitants expuls\u00e9s, d\u00e9port\u00e9s ou massacr\u00e9s. Ancien peuple nomade, ils sont devenus des r\u00e9fugi\u00e9s et des exil\u00e9s.<\/p>\n<p dir=\"ltr\" style=\"text-align: justify;\">Reza, exil\u00e9 iranien depuis 1981, a photographi\u00e9 le soul\u00e8vement kurde contre le r\u00e9gime iranien de Khomeini en 1979. Depuis 16 ans, ce reporter courageux et engag\u00e9, qui travaille pour le magazine National Geographic, n&#8217;a cess\u00e9 de t\u00e9moigner de la lutte implacable des Kurdes pour la libert\u00e9 et l&#8217;autonomie.<\/p>\n<p dir=\"ltr\" style=\"text-align: justify;\">Les Kurdes descendent de l&#8217;une des plus anciennes cultures orientales. Cependant, leurs grands po\u00e8tes ont \u00e9t\u00e9 r\u00e9duits au silence pendant longtemps ; parler ou \u00e9crire du kurde est consid\u00e9r\u00e9 comme un crime et conduit \u00e0 l&#8217;emprisonnement, \u00e0 la torture ou \u00e0 la mort. Les chants des Kurdes sont \u00e9teints.<\/p>\n<ul>\n<li>Format : 115 x 180 mm<\/li>\n<li>Nombre de pages : 142 pages<\/li>\n<li>Date de publication : 1er janvier 1995<\/li>\n<li>ISBN : 3-7165-0961-2<\/li>\n<li>Editeur : Benteli<\/li>\n<li>Couverture : Flexible<\/li>\n<\/ul>\n<p><span style=\"color: #800000;\"><strong>Commande :<\/strong> <\/span><a href=\"https:\/\/webistan.biz\/produit\/kurdes-les-chants-brules?lang=en\" target=\"_blank\" rel=\"noopener\"><br \/>\n  <b>Kurdes, Les Chants Br\u00fbl\u00e9s<\/b><br \/>\n<\/a><\/p>\n<p style=\"text-align: justify;\"><strong> <\/strong><\/p>\n<p><img decoding=\"async\" class=\"cols-default column-option column-option-btn\" title=\"Modifier la mise en page\" src=\"http:\/\/reza.photo\/wp-content\/themes\/thestory\/functions\/formatting-buttons\/btnicons\/bg.png\" data-mce-placeholder=\"1\" data-opt=\"cols-default\"><img decoding=\"async\" class=\"one3-two3 column-option column-option-btn\" title=\"Modifier la mise en page\" src=\"http:\/\/reza.photo\/wp-content\/themes\/thestory\/functions\/formatting-buttons\/btnicons\/bg.png\" data-mce-placeholder=\"1\" data-opt=\"one3-two3\"><img decoding=\"async\" class=\"two3-one3 column-option column-option-btn\" title=\"Modifier la mise en page\" src=\"http:\/\/reza.photo\/wp-content\/themes\/thestory\/functions\/formatting-buttons\/btnicons\/bg.png\" data-mce-placeholder=\"1\" data-opt=\"two3-one3\"><img decoding=\"async\" class=\"delete-columns column-option-btn\" title=\"Supprimer des colonnes\" src=\"http:\/\/reza.photo\/wp-content\/themes\/thestory\/functions\/formatting-buttons\/btnicons\/bg.png\" data-mce-placeholder=\"1\"><\/p>\n<\/div>\n<\/div>\n<\/div>\n","protected":false},"excerpt":{"rendered":"<p>Kurdes, Les Chants Br\u00fbl\u00e9s Ils sont entre 12 et 25 millions, personne ne conna\u00eet le chiffre exact, r\u00e9partis entre l&#8217;Iran, [&hellip;]<\/p>\n","protected":false},"author":1,"featured_media":0,"parent":5630,"menu_order":0,"comment_status":"closed","ping_status":"closed","template":"","meta":{"footnotes":""},"_links":{"self":[{"href":"https:\/\/reza.photo\/fr\/wp-json\/wp\/v2\/pages\/5643"}],"collection":[{"href":"https:\/\/reza.photo\/fr\/wp-json\/wp\/v2\/pages"}],"about":[{"href":"https:\/\/reza.photo\/fr\/wp-json\/wp\/v2\/types\/page"}],"author":[{"embeddable":true,"href":"https:\/\/reza.photo\/fr\/wp-json\/wp\/v2\/users\/1"}],"replies":[{"embeddable":true,"href":"https:\/\/reza.photo\/fr\/wp-json\/wp\/v2\/comments?post=5643"}],"version-history":[{"count":1,"href":"https:\/\/reza.photo\/fr\/wp-json\/wp\/v2\/pages\/5643\/revisions"}],"predecessor-version":[{"id":5644,"href":"https:\/\/reza.photo\/fr\/wp-json\/wp\/v2\/pages\/5643\/revisions\/5644"}],"up":[{"embeddable":true,"href":"https:\/\/reza.photo\/fr\/wp-json\/wp\/v2\/pages\/5630"}],"wp:attachment":[{"href":"https:\/\/reza.photo\/fr\/wp-json\/wp\/v2\/media?parent=5643"}],"curies":[{"name":"wp","href":"https:\/\/api.w.org\/{rel}","templated":true}]}}