{"id":5646,"date":"2017-12-04T17:32:15","date_gmt":"2017-12-04T16:32:15","guid":{"rendered":"https:\/\/reza.photo\/livre\/learning-a-living\/"},"modified":"2023-10-30T18:06:21","modified_gmt":"2023-10-30T17:06:21","slug":"learning-a-living","status":"publish","type":"page","link":"https:\/\/reza.photo\/fr\/livre\/learning-a-living\/","title":{"rendered":"Learning a living"},"content":{"rendered":"<div class=\"cols-wrapper cols-2 one3-two3\">\n<div class=\"cols-wrapper cols-2 cols-default\">\n<div class=\"col\">\n<p><img decoding=\"async\" loading=\"lazy\" class=\"alignnone wp-image-3972 size-full\" src=\"http:\/\/reza.photo\/wp-content\/uploads\/2017\/12\/book_wise.png\" alt=\"1\" width=\"400\" height=\"400\" srcset=\"https:\/\/reza.photo\/wp-content\/uploads\/2017\/12\/book_wise.png 400w, https:\/\/reza.photo\/wp-content\/uploads\/2017\/12\/book_wise-150x150.png 150w, https:\/\/reza.photo\/wp-content\/uploads\/2017\/12\/book_wise-300x300.png 300w\" sizes=\"(max-width: 400px) 100vw, 400px\" \/><\/p>\n<\/div>\n<div class=\"col nomargin\">\n<p style=\"text-align: justify;\"><b>Learning a living<\/b><\/p>\n<p style=\"text-align: justify;\">Pour le <a href=\"http:\/\/www.wise-qatar.org\/\" target=\"_blank\" rel=\"noopener\">Sommet mondial de l&#8217;innovation pour l&#8217;\u00e9ducation 2012<\/a> (WISE), Reza pr\u00e9sente en avant-premi\u00e8re mondiale le livre <a href=\"http:\/\/www.wise-qatar.org\/2012-WISE-book\" target=\"_blank\" rel=\"noopener\">Learning a living, radical innovation in education for work<\/a>, en collaboration avec les auteurs Val\u00e9rie Hannon, Sarah Gillinson et L\u00e9onie Shanks. Ce livre, initi\u00e9 par la Fondation du Qatar, a conduit Reza \u00e0 explorer 14 pays sur 4 continents. Il met en lumi\u00e8re de nombreux projets innovants et porteurs d&#8217;espoir, ax\u00e9s sur la relation profonde entre l&#8217;\u00e9ducation, l&#8217;apprentissage et les interfaces de travail.<br \/>\nSaluant la publication du livre Learning a living, une innovation radicale dans l&#8217;\u00e9ducation au travail, le journal fran\u00e7ais Le Monde a consacr\u00e9 un suppl\u00e9ment aux projets mis \u00e0 l&#8217;honneur par la Qatar Foundation, dans son \u00e9dition du 14 novembre 2012. <a href=\"http:\/\/www.webistan.com\/wp-content\/uploads\/2012\/11\/Le-Monde-WISE-141112-FR.pdf\">Lire le suppl\u00e9ment dans Le Monde<\/a><\/p>\n<ul>\n<li>Format : 240 x 270 mm<\/li>\n<li>Nombre de pages : 160 pages<\/li>\n<li>Date de publication : 15 mai 2013<\/li>\n<li>ISBN-10 : 1780937547<\/li>\n<li>ISBN-13 : 978-1780937540<\/li>\n<li>\u00c9diteur : Bloomsbury Academic<\/li>\n<li>Couverture : flexible<\/li>\n<\/ul>\n<\/div>\n<\/div>\n<p>&nbsp;<\/p>\n<\/div>\n","protected":false},"excerpt":{"rendered":"<p>Learning a living Pour le Sommet mondial de l&#8217;innovation pour l&#8217;\u00e9ducation 2012 (WISE), Reza pr\u00e9sente en avant-premi\u00e8re mondiale le livre [&hellip;]<\/p>\n","protected":false},"author":1,"featured_media":0,"parent":5630,"menu_order":0,"comment_status":"closed","ping_status":"closed","template":"","meta":{"footnotes":""},"_links":{"self":[{"href":"https:\/\/reza.photo\/fr\/wp-json\/wp\/v2\/pages\/5646"}],"collection":[{"href":"https:\/\/reza.photo\/fr\/wp-json\/wp\/v2\/pages"}],"about":[{"href":"https:\/\/reza.photo\/fr\/wp-json\/wp\/v2\/types\/page"}],"author":[{"embeddable":true,"href":"https:\/\/reza.photo\/fr\/wp-json\/wp\/v2\/users\/1"}],"replies":[{"embeddable":true,"href":"https:\/\/reza.photo\/fr\/wp-json\/wp\/v2\/comments?post=5646"}],"version-history":[{"count":1,"href":"https:\/\/reza.photo\/fr\/wp-json\/wp\/v2\/pages\/5646\/revisions"}],"predecessor-version":[{"id":5647,"href":"https:\/\/reza.photo\/fr\/wp-json\/wp\/v2\/pages\/5646\/revisions\/5647"}],"up":[{"embeddable":true,"href":"https:\/\/reza.photo\/fr\/wp-json\/wp\/v2\/pages\/5630"}],"wp:attachment":[{"href":"https:\/\/reza.photo\/fr\/wp-json\/wp\/v2\/media?parent=5646"}],"curies":[{"name":"wp","href":"https:\/\/api.w.org\/{rel}","templated":true}]}}