{"id":5648,"date":"2017-12-04T17:34:06","date_gmt":"2017-12-04T16:34:06","guid":{"rendered":"https:\/\/reza.photo\/livre\/sindbad\/"},"modified":"2017-12-04T17:34:06","modified_gmt":"2017-12-04T16:34:06","slug":"sindbad","status":"publish","type":"page","link":"https:\/\/reza.photo\/fr\/livre\/sindbad\/","title":{"rendered":"Sindbad"},"content":{"rendered":"<div class=\"cols-wrapper cols-2 one3-two3\">\n<div class=\"cols-wrapper cols-2 cols-default\">\n<div class=\"col\">\n<p><img decoding=\"async\" loading=\"lazy\" class=\"alignnone wp-image-3973 size-full\" src=\"http:\/\/reza.photo\/wp-content\/uploads\/2017\/12\/book_sindbad.png\" alt=\"3\" width=\"400\" height=\"400\" srcset=\"https:\/\/reza.photo\/wp-content\/uploads\/2017\/12\/book_sindbad.png 400w, https:\/\/reza.photo\/wp-content\/uploads\/2017\/12\/book_sindbad-150x150.png 150w, https:\/\/reza.photo\/wp-content\/uploads\/2017\/12\/book_sindbad-300x300.png 300w\" sizes=\"(max-width: 400px) 100vw, 400px\" \/><\/p>\n<\/div>\n<div class=\"col nomargin\">\n<p style=\"text-align: justify;\"><b>Sindbad<\/b><\/p>\n<p style=\"text-align: justify;\">&#8220;Sindbad&#8221; est le dernier livre du photographe REZA, dont les images sont salu\u00e9es dans le monde entier. C&#8217;est une vision profonde, pleine d&#8217;humanit\u00e9 de l&#8217;Orient immuable et pourtant si sensible aux turbulences des temps modernes. Un voyage qui se moque du temps et de l&#8217;espace, racont\u00e9 par le g\u00e9ographe Pierre Gentelle dans le sillage de Sinbad le marin. &#8220;<\/p>\n<p style=\"text-align: justify;\">Le marin sur la couverture de ce livre pourrait \u00eatre Sinbad en personne. Ce personnage des Mille et une nuits incarne de nombreux voyageurs et aventuriers l\u00e9gendaires qui ont visit\u00e9 des terres et des mers depuis les colonnes d&#8217;Hercule jusqu&#8217;au-del\u00e0 du d\u00e9troit des \u00eeles de la Sonde.<br \/>\nAu cours des trente derni\u00e8res ann\u00e9es, Reza, tel un Sindbad de notre temps, a apport\u00e9 des images de l&#8217;Orient, explorant ce qui reste des anciens modes de vie dans des soci\u00e9t\u00e9s marqu\u00e9es par les assauts du monde moderne.<br \/>\nLes sept histoires de Sinbad, qui associent les photos de Reza et les textes du g\u00e9ographe Pierre Gentelle posent un regard fraternel sur des visages et des sc\u00e8nes d&#8217;aujourd&#8217;hui, qui ressemblent parfois \u00e0 s&#8217;y m\u00e9prendre \u00e0 des tableaux anciens.<\/p>\n<p style=\"text-align: justify;\">Ils expriment le bonheur de c\u00e9l\u00e9brer et de partager la douleur de l&#8217;injustice ou les appels \u00e0 la paix. Ils mettent en valeur la vie simple, l&#8217;artisanat soucieux de ne pas nuire \u00e0 la plan\u00e8te, les r\u00e9unions de familles et d&#8217;amis autour d&#8217;un feu ou d&#8217;un repas.<br \/>\nCar tous les Sindbads, qu&#8217;ils soient du Caire ou de Bagdad, d&#8217;Ormuz ou de Calicut, qu&#8217;ils s&#8217;appellent Reza ou Pierre, voyagent \u00e0 la rencontre des r\u00e9alit\u00e9s de leur temps mais aussi des traditions et des sagesses ancestrales.<br \/>\nLa d\u00e9couverte vaut toujours la peine d&#8217;\u00eatre tent\u00e9e. Quel meilleur endroit qu&#8217;un bazar, un caravans\u00e9rail ou un tapis dans une simple hutte pour soulever la question des fronti\u00e8res entre les civilisations et de l&#8217;avenir des enfants du si\u00e8cle pr\u00e9sent ?<\/p>\n<ul>\n<li>Taille : 275 x 328 mm<\/li>\n<li>192 pages<\/li>\n<li>Couverture : Couverture rigide<\/li>\n<li>Publi\u00e9 le 6 octobre 2009<\/li>\n<li>EAN\/ISBN : 9782723465656<\/li>\n<li>Editeur : Gl\u00e9nat<\/li>\n<li>Langue : Fran\u00e7ais<\/li>\n<\/ul>\n<\/div>\n<\/div>\n<p>&nbsp;<\/p>\n<\/div>\n","protected":false},"excerpt":{"rendered":"<p>Sindbad &#8220;Sindbad&#8221; est le dernier livre du photographe REZA, dont les images sont salu\u00e9es dans le monde entier. C&#8217;est une [&hellip;]<\/p>\n","protected":false},"author":1,"featured_media":0,"parent":5630,"menu_order":0,"comment_status":"closed","ping_status":"closed","template":"","meta":{"footnotes":""},"_links":{"self":[{"href":"https:\/\/reza.photo\/fr\/wp-json\/wp\/v2\/pages\/5648"}],"collection":[{"href":"https:\/\/reza.photo\/fr\/wp-json\/wp\/v2\/pages"}],"about":[{"href":"https:\/\/reza.photo\/fr\/wp-json\/wp\/v2\/types\/page"}],"author":[{"embeddable":true,"href":"https:\/\/reza.photo\/fr\/wp-json\/wp\/v2\/users\/1"}],"replies":[{"embeddable":true,"href":"https:\/\/reza.photo\/fr\/wp-json\/wp\/v2\/comments?post=5648"}],"version-history":[{"count":0,"href":"https:\/\/reza.photo\/fr\/wp-json\/wp\/v2\/pages\/5648\/revisions"}],"up":[{"embeddable":true,"href":"https:\/\/reza.photo\/fr\/wp-json\/wp\/v2\/pages\/5630"}],"wp:attachment":[{"href":"https:\/\/reza.photo\/fr\/wp-json\/wp\/v2\/media?parent=5648"}],"curies":[{"name":"wp","href":"https:\/\/api.w.org\/{rel}","templated":true}]}}