{"id":5651,"date":"2017-12-04T17:01:31","date_gmt":"2017-12-04T16:01:31","guid":{"rendered":"https:\/\/reza.photo\/plus-loin-sur-la-terre\/"},"modified":"2023-10-30T18:11:28","modified_gmt":"2023-10-30T17:11:28","slug":"plus-loin-sur-la-terre","status":"publish","type":"page","link":"https:\/\/reza.photo\/fr\/plus-loin-sur-la-terre\/","title":{"rendered":"Plus loin sur la terre"},"content":{"rendered":"<div class=\"cols-wrapper cols-2 one3-two3\">\n<div class=\"col\"><img decoding=\"async\" loading=\"lazy\" class=\"alignnone wp-image-3974 size-full\" src=\"http:\/\/reza.photo\/wp-content\/uploads\/2017\/12\/book_plus-loin-sur-terre.png\" alt=\"\" width=\"400\" height=\"400\" srcset=\"https:\/\/reza.photo\/wp-content\/uploads\/2017\/12\/book_plus-loin-sur-terre.png 400w, https:\/\/reza.photo\/wp-content\/uploads\/2017\/12\/book_plus-loin-sur-terre-150x150.png 150w, https:\/\/reza.photo\/wp-content\/uploads\/2017\/12\/book_plus-loin-sur-terre-300x300.png 300w\" sizes=\"(max-width: 400px) 100vw, 400px\" \/><\/div>\n<div class=\"col nomargin\">\n<p>&#8220;<strong>Plus loin sur la terre<\/strong>&#8221; est unvoyage po\u00e9tique \u00e0 travers le monde, sans remarquer le pays ou les gens que l&#8217;on rencontre. \u00c0 la fin de l&#8217;ouvrage, de courtes l\u00e9gendes donnent des d\u00e9tails importants sur chaque photographie.<\/p>\n<ul>\n<li>Auteurs : Reza (Photographies), Rachel Deghati (Textes)<\/li>\n<li>Langue : Fran\u00e7ais<\/li>\n<li>Editeur : Hors Collection<\/li>\n<li>\u00c9dition : 168 pages, Couleur &#8211; 17 octobre 2002<\/li>\n<li>Dimensions : 27,5 cm x 37 cm : <small>27,5 cm x 37 cm<\/small><\/li>\n<\/ul>\n<\/div>\n<\/div>\n<p><span style=\"color: #800000;\"><br \/>\n  <strong>Commander :<\/strong><br \/>\n<\/span> <a href=\"https:\/\/webistan.biz\/produit\/plus-loin-sur-la-terre\" target=\"_blank\" rel=\"noopener\"><br \/>\n  <strong>Plus loin sur la terre<\/strong><br \/>\n<\/a><\/p>\n","protected":false},"excerpt":{"rendered":"<p>&#8220;Plus loin sur la terre&#8221; est unvoyage po\u00e9tique \u00e0 travers le monde, sans remarquer le pays ou les gens que [&hellip;]<\/p>\n","protected":false},"author":1,"featured_media":0,"parent":0,"menu_order":0,"comment_status":"closed","ping_status":"closed","template":"","meta":{"footnotes":""},"_links":{"self":[{"href":"https:\/\/reza.photo\/fr\/wp-json\/wp\/v2\/pages\/5651"}],"collection":[{"href":"https:\/\/reza.photo\/fr\/wp-json\/wp\/v2\/pages"}],"about":[{"href":"https:\/\/reza.photo\/fr\/wp-json\/wp\/v2\/types\/page"}],"author":[{"embeddable":true,"href":"https:\/\/reza.photo\/fr\/wp-json\/wp\/v2\/users\/1"}],"replies":[{"embeddable":true,"href":"https:\/\/reza.photo\/fr\/wp-json\/wp\/v2\/comments?post=5651"}],"version-history":[{"count":1,"href":"https:\/\/reza.photo\/fr\/wp-json\/wp\/v2\/pages\/5651\/revisions"}],"predecessor-version":[{"id":5652,"href":"https:\/\/reza.photo\/fr\/wp-json\/wp\/v2\/pages\/5651\/revisions\/5652"}],"wp:attachment":[{"href":"https:\/\/reza.photo\/fr\/wp-json\/wp\/v2\/media?parent=5651"}],"curies":[{"name":"wp","href":"https:\/\/api.w.org\/{rel}","templated":true}]}}