{"id":5664,"date":"2017-12-04T17:20:22","date_gmt":"2017-12-04T16:20:22","guid":{"rendered":"https:\/\/reza.photo\/livre\/le-massacre-des-innocents\/"},"modified":"2017-12-04T17:20:22","modified_gmt":"2017-12-04T16:20:22","slug":"le-massacre-des-innocents","status":"publish","type":"page","link":"https:\/\/reza.photo\/fr\/livre\/le-massacre-des-innocents\/","title":{"rendered":"Le massacre des innocents"},"content":{"rendered":"<div class=\"cols-wrapper cols-2 one3-two3\">\n<div class=\"cols-wrapper cols-2 one3-two3\">\n<div class=\"col\">\n<p><img decoding=\"async\" loading=\"lazy\" class=\"alignnone wp-image-3526 size-full\" src=\"http:\/\/reza.photo\/wp-content\/uploads\/2017\/11\/masswacre-des-innocents.png\" alt=\"\" width=\"400\" height=\"400\" srcset=\"https:\/\/reza.photo\/wp-content\/uploads\/2017\/11\/masswacre-des-innocents.png 400w, https:\/\/reza.photo\/wp-content\/uploads\/2017\/11\/masswacre-des-innocents-150x150.png 150w, https:\/\/reza.photo\/wp-content\/uploads\/2017\/11\/masswacre-des-innocents-300x300.png 300w\" sizes=\"(max-width: 400px) 100vw, 400px\" \/><\/p>\n<\/div>\n<div class=\"col nomargin\">\n<p style=\"text-align: justify;\"><strong>Le massacre des innocents<\/strong><\/p>\n<p class=\"p1\">Le monde est devenu mon pays. Je la parcours en tant que photographe et je suis t\u00e9moin de sa d\u00e9rive entre la guerre et la paix. Mon port d&#8217;attache est Paris, mais je t\u00e9moigne des blessures de notre humanit\u00e9 dans son ensemble. Depuis 1987, date de mon premier voyage \u00e0 Bakou, je me suis rendu plusieurs fois en Azerba\u00efdjan en tant que photojournaliste. J&#8217;ai couvert les moments d\u00e9cisifs et tragiques de l&#8217;histoire du pays pour les m\u00e9dias internationaux, notamment le mois de janvier noir en 1990, le conflit arm\u00e9no-azerba\u00efdjanais du Haut-Karabakh et le massacre de la ville azerba\u00efdjanaise de Khojaly en 1992. Quelques ann\u00e9es plus tard, dans le cadre d&#8217;une mission pour le National Geographic Magazine, j&#8217;ai enqu\u00eat\u00e9 sur la vie difficile des r\u00e9fugi\u00e9s et des personnes d\u00e9plac\u00e9es, entre autres sujets. Je suis souvent retourn\u00e9 en Azerba\u00efdjan en tant qu&#8217;observateur et t\u00e9moin d&#8217;un pays en pleine mutation. Dans chaque village, chaque ville, chaque cit\u00e9 que j&#8217;ai travers\u00e9, j&#8217;ai remarqu\u00e9 la pr\u00e9sence d&#8217;un lieu de m\u00e9moire, souvent pour marquer le souvenir d&#8217;une trag\u00e9die. Dans Le massacre des innocents, j&#8217;ai voulu rendre hommage \u00e0 ces femmes et \u00e0 ces hommes, victimes impuissantes de l&#8217;\u00e9chiquier g\u00e9opolitique.<\/p>\n<p class=\"p1\">Azerba\u00efdjan, le massacre des innocents par REZA. Texte de Rachel Deghati.<br \/>\nDisponible sur : <a href=\"http:\/\/www.webistan.com\/\">www.webistan.com<\/a><a href=\"mailto:info@webistan.com\">(info@webistan.com)<\/a><\/p>\n<ul>\n<li class=\"p1\">Taille : 450&#215;345 mm<\/li>\n<li class=\"p1\">Nombre de pages : 216 pages<\/li>\n<li class=\"p1\">Date de publication : Novembre 2014<\/li>\n<li class=\"p1\">ISBN : 978-9952-499-02-5<\/li>\n<li class=\"p1\">Couverture : Rigide<\/li>\n<\/ul>\n<p><img decoding=\"async\" class=\"cols-default column-option column-option-btn\" title=\"Modifier la mise en page\" src=\"http:\/\/reza.photo\/wp-content\/themes\/thestory\/functions\/formatting-buttons\/btnicons\/bg.png\" data-mce-placeholder=\"1\" data-opt=\"cols-default\"><img decoding=\"async\" class=\"one3-two3 column-option column-option-btn\" title=\"Modifier la mise en page\" src=\"http:\/\/reza.photo\/wp-content\/themes\/thestory\/functions\/formatting-buttons\/btnicons\/bg.png\" data-mce-placeholder=\"1\" data-opt=\"one3-two3\"><img decoding=\"async\" class=\"two3-one3 column-option column-option-btn\" title=\"Modifier la mise en page\" src=\"http:\/\/reza.photo\/wp-content\/themes\/thestory\/functions\/formatting-buttons\/btnicons\/bg.png\" data-mce-placeholder=\"1\" data-opt=\"two3-one3\"><img decoding=\"async\" class=\"delete-columns column-option-btn\" title=\"Supprimer des colonnes\" src=\"http:\/\/reza.photo\/wp-content\/themes\/thestory\/functions\/formatting-buttons\/btnicons\/bg.png\" data-mce-placeholder=\"1\"><\/p>\n<\/div>\n<\/div>\n<p>&nbsp;<\/p>\n<\/div>\n","protected":false},"excerpt":{"rendered":"<p>Le massacre des innocents Le monde est devenu mon pays. Je la parcours en tant que photographe et je suis [&hellip;]<\/p>\n","protected":false},"author":1,"featured_media":0,"parent":5630,"menu_order":0,"comment_status":"closed","ping_status":"closed","template":"","meta":{"footnotes":""},"_links":{"self":[{"href":"https:\/\/reza.photo\/fr\/wp-json\/wp\/v2\/pages\/5664"}],"collection":[{"href":"https:\/\/reza.photo\/fr\/wp-json\/wp\/v2\/pages"}],"about":[{"href":"https:\/\/reza.photo\/fr\/wp-json\/wp\/v2\/types\/page"}],"author":[{"embeddable":true,"href":"https:\/\/reza.photo\/fr\/wp-json\/wp\/v2\/users\/1"}],"replies":[{"embeddable":true,"href":"https:\/\/reza.photo\/fr\/wp-json\/wp\/v2\/comments?post=5664"}],"version-history":[{"count":0,"href":"https:\/\/reza.photo\/fr\/wp-json\/wp\/v2\/pages\/5664\/revisions"}],"up":[{"embeddable":true,"href":"https:\/\/reza.photo\/fr\/wp-json\/wp\/v2\/pages\/5630"}],"wp:attachment":[{"href":"https:\/\/reza.photo\/fr\/wp-json\/wp\/v2\/media?parent=5664"}],"curies":[{"name":"wp","href":"https:\/\/api.w.org\/{rel}","templated":true}]}}