{"id":5667,"date":"2017-12-03T23:13:45","date_gmt":"2017-12-03T22:13:45","guid":{"rendered":"https:\/\/reza.photo\/destins-croises\/"},"modified":"2017-12-03T23:13:45","modified_gmt":"2017-12-03T22:13:45","slug":"destins-croises","status":"publish","type":"page","link":"https:\/\/reza.photo\/fr\/destins-croises\/","title":{"rendered":"Destins Crois\u00e9s"},"content":{"rendered":"<div class=\"cols-wrapper cols-2 one3-two3\">\n<div class=\"col\"><img decoding=\"async\" loading=\"lazy\" class=\"wp-image-3980 size-full alignright\" src=\"http:\/\/reza.photo\/wp-content\/uploads\/2017\/12\/book_destins-croises.png\" alt=\"\" width=\"400\" height=\"400\" srcset=\"https:\/\/reza.photo\/wp-content\/uploads\/2017\/12\/book_destins-croises.png 400w, https:\/\/reza.photo\/wp-content\/uploads\/2017\/12\/book_destins-croises-150x150.png 150w, https:\/\/reza.photo\/wp-content\/uploads\/2017\/12\/book_destins-croises-300x300.png 300w\" sizes=\"(max-width: 400px) 100vw, 400px\" \/><\/div>\n<div class=\"col nomargin\">\n<p><strong>Destins Crois\u00e9s<\/strong><\/p>\n<p><strong>Destins crois\u00e9s, carnets d&#8217;un photojournaliste<\/strong><\/p>\n<p id=\"internal-source-marker_0.11783337208245948\" dir=\"ltr\" style=\"text-align: justify;\">En 1990, dans un Afghanistan lib\u00e9r\u00e9 de l&#8217;occupation russe, les Nations unies m&#8217;avaient demand\u00e9 de laisser mes cam\u00e9ras pour garantir un programme humanitaire. Je devais ouvrir une route du bl\u00e9 pour nourrir la population des provinces du Nord. Onze ann\u00e9es de guerre contre l&#8217;Arm\u00e9e rouge ont ravag\u00e9 le pays. Les champs n&#8217;\u00e9taient pas cultiv\u00e9s, les routes \u00e9taient impraticables, min\u00e9es ou d\u00e9truites, les infrastructures de base telles que les cliniques et les \u00e9coles n&#8217;\u00e9taient plus que des ruines.<\/p>\n<p dir=\"ltr\" style=\"text-align: justify;\">Ce bl\u00e9, j&#8217;aurais pu le donner. J&#8217;ai plut\u00f4t d\u00e9cid\u00e9 de l&#8217;\u00e9changer contre un travail, \u00e9vitant ainsi l&#8217;un des aspects g\u00eanants de certains programmes humanitaires : le soutien social. Dans toute la province, une nouvelle arm\u00e9e voit le jour : des hommes arm\u00e9s non plus de fusils mais de pelles.<\/p>\n<p dir=\"ltr\" style=\"text-align: justify;\">J&#8217;ai \u00e9chang\u00e9 des regards avec ce petit homme lors de la distribution du bl\u00e9.<\/p>\n<p dir=\"ltr\" style=\"text-align: justify;\">Pr\u00e8s de dix ans plus tard, il \u00e9tait devenu le visage symbolique de l&#8217;organisation humanitaire Aina que j&#8217;avais fond\u00e9e en 2001 avec des jeunes passionn\u00e9s de communication, dans l&#8217;Afghanistan nouvellement lib\u00e9r\u00e9 &#8211; cette fois-ci des Talibans.<\/p>\n<p dir=\"ltr\" style=\"text-align: justify;\">Et si la croissance qu&#8217;elle exhibe fi\u00e8rement \u00e9tait celle qu&#8217;Aina s&#8217;\u00e9tait donn\u00e9e pour objectif de planter dans des pays o\u00f9 la libert\u00e9 d&#8217;expression n&#8217;existe pas ?<\/p>\n<ul>\n<li>Format : 190 x 260 mm<\/li>\n<li>Nombre de pages : 159 pages<\/li>\n<li>Date de publication :<\/li>\n<li>ISBN : 2-258-06252-7<\/li>\n<li>\u00c9diteur : Hors Collection Publishing<\/li>\n<li>Couverture : souple<br \/>\n<img decoding=\"async\" class=\"one3-two3 column-option column-option-btn\" title=\"Modifier la mise en page\" src=\"http:\/\/reza.photo\/wp-content\/themes\/thestory\/functions\/formatting-buttons\/btnicons\/bg.png\" data-mce-placeholder=\"1\" data-opt=\"one3-two3\"><img decoding=\"async\" class=\"two3-one3 column-option column-option-btn\" title=\"Modifier la mise en page\" src=\"http:\/\/reza.photo\/wp-content\/themes\/thestory\/functions\/formatting-buttons\/btnicons\/bg.png\" data-mce-placeholder=\"1\" data-opt=\"two3-one3\"><img decoding=\"async\" class=\"delete-columns column-option-btn\" title=\"Supprimer des colonnes\" src=\"http:\/\/reza.photo\/wp-content\/themes\/thestory\/functions\/formatting-buttons\/btnicons\/bg.png\" data-mce-placeholder=\"1\"><\/li>\n<\/ul>\n<\/div>\n<\/div>\n<p>&nbsp;<\/p>\n","protected":false},"excerpt":{"rendered":"<p>Destins Crois\u00e9s Destins crois\u00e9s, carnets d&#8217;un photojournaliste En 1990, dans un Afghanistan lib\u00e9r\u00e9 de l&#8217;occupation russe, les Nations unies m&#8217;avaient [&hellip;]<\/p>\n","protected":false},"author":1,"featured_media":0,"parent":0,"menu_order":0,"comment_status":"closed","ping_status":"closed","template":"template-full-custom.php","meta":{"footnotes":""},"_links":{"self":[{"href":"https:\/\/reza.photo\/fr\/wp-json\/wp\/v2\/pages\/5667"}],"collection":[{"href":"https:\/\/reza.photo\/fr\/wp-json\/wp\/v2\/pages"}],"about":[{"href":"https:\/\/reza.photo\/fr\/wp-json\/wp\/v2\/types\/page"}],"author":[{"embeddable":true,"href":"https:\/\/reza.photo\/fr\/wp-json\/wp\/v2\/users\/1"}],"replies":[{"embeddable":true,"href":"https:\/\/reza.photo\/fr\/wp-json\/wp\/v2\/comments?post=5667"}],"version-history":[{"count":0,"href":"https:\/\/reza.photo\/fr\/wp-json\/wp\/v2\/pages\/5667\/revisions"}],"wp:attachment":[{"href":"https:\/\/reza.photo\/fr\/wp-json\/wp\/v2\/media?parent=5667"}],"curies":[{"name":"wp","href":"https:\/\/api.w.org\/{rel}","templated":true}]}}