{"id":5668,"date":"2017-12-04T17:02:42","date_gmt":"2017-12-04T16:02:42","guid":{"rendered":"https:\/\/reza.photo\/eternites-afghanes\/"},"modified":"2017-12-04T17:02:42","modified_gmt":"2017-12-04T16:02:42","slug":"eternites-afghanes","status":"publish","type":"page","link":"https:\/\/reza.photo\/fr\/eternites-afghanes\/","title":{"rendered":"Eternit\u00e9s Afghanes"},"content":{"rendered":"<div class=\"cols-wrapper cols-2 one3-two3\">\n<div class=\"col\"><img decoding=\"async\" loading=\"lazy\" class=\"alignnone wp-image-3979 size-full\" src=\"http:\/\/reza.photo\/wp-content\/uploads\/2017\/12\/book_etrnites-afghanes.png\" alt=\"livre_etrnites-afghanes\" width=\"400\" height=\"400\" srcset=\"https:\/\/reza.photo\/wp-content\/uploads\/2017\/12\/book_etrnites-afghanes.png 400w, https:\/\/reza.photo\/wp-content\/uploads\/2017\/12\/book_etrnites-afghanes-150x150.png 150w, https:\/\/reza.photo\/wp-content\/uploads\/2017\/12\/book_etrnites-afghanes-300x300.png 300w\" sizes=\"(max-width: 400px) 100vw, 400px\" \/><\/div>\n<div class=\"col nomargin\">\n<p><strong>Eternit\u00e9s Afghanes<\/strong><\/p>\n<p style=\"text-align: justify;\">Les deux journalistes, Reza et Olivier Weber, d\u00e9finissent la situation en Afghanistan sous l&#8217;angle des richesses de son peuple : son patrimoine culturel, son artisanat, ses traditions, dans un ouvrage publi\u00e9 dans le cadre du programme d&#8217;appui de l&#8217;UNESCO \u00e0 la reconstruction de l&#8217;Afghanistan dans les domaines de l&#8217;\u00e9ducation, de la culture et de la communication.<\/p>\n<ul>\n<li>Format : 155 x 210 mm<\/li>\n<li>Nombre de pages : 175 pages<\/li>\n<li>Date de publication : mai 2002<\/li>\n<li>ISBN : 92-3-203850-1<\/li>\n<li>Editeur : Editions du Ch\u00eane, Editions UNESCO<\/li>\n<li>Couverture : Cartonn\u00e9e<\/li>\n<\/ul>\n<h4><a href=\"http:\/\/portal.unesco.org\/culture\/en\/ev.php-URL_ID=18304&amp;URL_DO=DO_TOPIC&amp;URL_SECTION=201.html\" target=\"_blank\" rel=\"noopener\">Sur le site de l&#8217;UNESCO<\/a><\/h4>\n<\/div>\n<\/div>\n<p>&nbsp;<\/p>\n","protected":false},"excerpt":{"rendered":"<p>Eternit\u00e9s Afghanes Les deux journalistes, Reza et Olivier Weber, d\u00e9finissent la situation en Afghanistan sous l&#8217;angle des richesses de son [&hellip;]<\/p>\n","protected":false},"author":1,"featured_media":0,"parent":0,"menu_order":0,"comment_status":"closed","ping_status":"closed","template":"","meta":{"footnotes":""},"_links":{"self":[{"href":"https:\/\/reza.photo\/fr\/wp-json\/wp\/v2\/pages\/5668"}],"collection":[{"href":"https:\/\/reza.photo\/fr\/wp-json\/wp\/v2\/pages"}],"about":[{"href":"https:\/\/reza.photo\/fr\/wp-json\/wp\/v2\/types\/page"}],"author":[{"embeddable":true,"href":"https:\/\/reza.photo\/fr\/wp-json\/wp\/v2\/users\/1"}],"replies":[{"embeddable":true,"href":"https:\/\/reza.photo\/fr\/wp-json\/wp\/v2\/comments?post=5668"}],"version-history":[{"count":0,"href":"https:\/\/reza.photo\/fr\/wp-json\/wp\/v2\/pages\/5668\/revisions"}],"wp:attachment":[{"href":"https:\/\/reza.photo\/fr\/wp-json\/wp\/v2\/media?parent=5668"}],"curies":[{"name":"wp","href":"https:\/\/api.w.org\/{rel}","templated":true}]}}