{"id":5669,"date":"2018-04-23T14:59:11","date_gmt":"2018-04-23T12:59:11","guid":{"rendered":"https:\/\/reza.photo\/derriere-lobjectif-de-reza-behind-rezas-lens\/"},"modified":"2018-04-23T14:59:11","modified_gmt":"2018-04-23T12:59:11","slug":"derriere-lobjectif-de-reza-behind-rezas-lens","status":"publish","type":"page","link":"https:\/\/reza.photo\/fr\/derriere-lobjectif-de-reza-behind-rezas-lens\/","title":{"rendered":"Derri\u00e8re l&#8217;Objectif de Reza (Behind Reza&#8217;s Lens)"},"content":{"rendered":"<div class=\"cols-wrapper cols-2 one3-two3\">\n<div class=\"col\">\n<p><img decoding=\"async\" loading=\"lazy\" class=\"wp-image-3982 size-full\" src=\"http:\/\/reza.photo\/wp-content\/uploads\/2017\/12\/book_objectif.png\" alt=\"book_objectif\" width=\"400\" height=\"400\" srcset=\"https:\/\/reza.photo\/wp-content\/uploads\/2017\/12\/book_objectif.png 400w, https:\/\/reza.photo\/wp-content\/uploads\/2017\/12\/book_objectif-150x150.png 150w, https:\/\/reza.photo\/wp-content\/uploads\/2017\/12\/book_objectif-300x300.png 300w\" sizes=\"(max-width: 400px) 100vw, 400px\" \/><\/p>\n<\/div>\n<div class=\"col nomargin\">\n<p style=\"text-align: justify;\"><strong>Derri\u00e8re l&#8217;objectif de Reza<br \/>\n<\/strong><strong>Titre fran\u00e7ais : (Derri\u00e8re l&#8217;Objectif de Reza)<br \/>\n<\/strong><\/p>\n<p>Reza, Iranien exil\u00e9 \u00e0 Paris, parcourt le monde depuis plus de 30 ans. Ses voyages ont \u00e9t\u00e9 remarquables et uniques, car il est un photographe d\u00e9vou\u00e9 et reconnu par un large public. De l&#8217;Afrique du Nord \u00e0 l&#8217;Asie, de l&#8217;Afrique centrale aux Balkans, les images de Reza ont captur\u00e9 l&#8217;expression, la lumi\u00e8re et le souvenir des pays qu&#8217;il a travers\u00e9s.<\/p>\n<p>Ses images se rapportent \u00e0 un \u00e9tat simple et naturel de l&#8217;\u00eatre, la photographie de Reza s&#8217;harmonise avec les principes humanistes. Son travail, largement expos\u00e9 dans la presse internationale (Time Magazine, Stern, Newsweek&#8230;), a t\u00e9moign\u00e9 de la foi de Reza en l&#8217;homme et de son courage.<\/p>\n<p><em>Derri\u00e8re l<\/em> &#8216;objectif de Reza accueille le public dans l&#8217;univers de Reza, derri\u00e8re ses objectifs, en pr\u00e9sentant des centaines de ses photographies embl\u00e9matiques tout au long de ses voyages. Reza d\u00e9voile les \u00e9tapes de ses cr\u00e9ations en fonction de son point de vue, de ses intentions, de ses techniques ou de son cadre, et en exposant son travail au quotidien.<\/p>\n<ul>\n<li>Format : 195 x 250 mm<\/li>\n<li>Nombre de pages : 160 pages<\/li>\n<li>Date de publication : 13 octobre 2010<\/li>\n<li>ISBN : 9782-84230-390-7<\/li>\n<li>Editeur : Ho\u00ebbeke<\/li>\n<li>Couverture : souple<br \/>\n<h2><a href=\"http:\/\/www.amazon.fr\/Derri%C3%A8re-lobjectif-Reza-Photos-propos\/dp\/2842303903\" target=\"_blank\" rel=\"noopener\">Commander @ Amazon<\/a><\/h2>\n<\/li>\n<\/ul>\n<\/div>\n<\/div>\n","protected":false},"excerpt":{"rendered":"<p>Derri\u00e8re l&#8217;objectif de Reza Titre fran\u00e7ais : (Derri\u00e8re l&#8217;Objectif de Reza) Reza, Iranien exil\u00e9 \u00e0 Paris, parcourt le monde depuis [&hellip;]<\/p>\n","protected":false},"author":1,"featured_media":0,"parent":0,"menu_order":0,"comment_status":"closed","ping_status":"closed","template":"","meta":{"footnotes":""},"_links":{"self":[{"href":"https:\/\/reza.photo\/fr\/wp-json\/wp\/v2\/pages\/5669"}],"collection":[{"href":"https:\/\/reza.photo\/fr\/wp-json\/wp\/v2\/pages"}],"about":[{"href":"https:\/\/reza.photo\/fr\/wp-json\/wp\/v2\/types\/page"}],"author":[{"embeddable":true,"href":"https:\/\/reza.photo\/fr\/wp-json\/wp\/v2\/users\/1"}],"replies":[{"embeddable":true,"href":"https:\/\/reza.photo\/fr\/wp-json\/wp\/v2\/comments?post=5669"}],"version-history":[{"count":0,"href":"https:\/\/reza.photo\/fr\/wp-json\/wp\/v2\/pages\/5669\/revisions"}],"wp:attachment":[{"href":"https:\/\/reza.photo\/fr\/wp-json\/wp\/v2\/media?parent=5669"}],"curies":[{"name":"wp","href":"https:\/\/api.w.org\/{rel}","templated":true}]}}