{"id":5670,"date":"2018-04-23T15:04:41","date_gmt":"2018-04-23T13:04:41","guid":{"rendered":"https:\/\/reza.photo\/lenvol-la-conference-des-oiseaux\/"},"modified":"2023-10-31T11:19:24","modified_gmt":"2023-10-31T10:19:24","slug":"lenvol-la-conference-des-oiseaux","status":"publish","type":"page","link":"https:\/\/reza.photo\/fr\/lenvol-la-conference-des-oiseaux\/","title":{"rendered":"L&#8217;envol : La conf\u00e9rence des oiseaux"},"content":{"rendered":"<div class=\"cols-wrapper cols-2 one3-two3\">\n<div class=\"cols-wrapper cols-2 cols-default\">\n<div class=\"col\">\n<p><img decoding=\"async\" loading=\"lazy\" class=\"wp-image-3996 size-full\" src=\"http:\/\/reza.photo\/wp-content\/uploads\/2017\/12\/book_Envol.png\" alt=\"book_Envol\" width=\"400\" height=\"400\" srcset=\"https:\/\/reza.photo\/wp-content\/uploads\/2017\/12\/book_Envol.png 400w, https:\/\/reza.photo\/wp-content\/uploads\/2017\/12\/book_Envol-150x150.png 150w, https:\/\/reza.photo\/wp-content\/uploads\/2017\/12\/book_Envol-300x300.png 300w\" sizes=\"(max-width: 400px) 100vw, 400px\" \/><\/p>\n<\/div>\n<div class=\"col nomargin\">\n<p><strong>L&#8217;envol<br \/>\n&#8220;L&#8217;envol : La conf\u00e9rence des oiseaux&#8221;<\/strong><br \/>\nReza &amp; Jean-Claude Carri\u00e8re<br \/>\nEditions Democratik Books<\/p>\n<p style=\"text-align: justify;\">En regardant les photographies de Reza, Jean-Claude Carri\u00e8re a cru percevoir \u00e0 travers elles le voyage dans l&#8217;antiquit\u00e9 racont\u00e9 par le po\u00e8te persan Farid Al-Din Attar, au XIIe si\u00e8cle, dans son po\u00e8me intitul\u00e9 &#8220;La conf\u00e9rence des oiseaux&#8221;.<\/p>\n<p style=\"text-align: justify;\">Toutes les \u00e9tapes de ce voyage, les splendeurs comme les malheurs, les hasards, les surprises, l&#8217;\u00e9tonnement, l&#8217;extase, le l\u00e2cher-prise, l&#8217;abandon, le d\u00e9sespoir, sont pr\u00e9sents dans l&#8217;\u0153uvre du photographe. Ces images n&#8217;attendaient qu&#8217;un regard et un mot. Ainsi, morceau par morceau, ces deux hommes ont depuis recr\u00e9\u00e9 cette envol\u00e9e initiatique. Ils sont partis ensemble, ils ont travers\u00e9 les sept vall\u00e9es, ils ont rejoint le vrai roi. Une seule surprise : le parcours n&#8217;a pas chang\u00e9, les obstacles restent en place et la m\u00eame surprise nous attend \u00e0 la conclusion. Les si\u00e8cles d\u00e9filent, les ruines se succ\u00e8dent, c&#8217;est nous qui n&#8217;avons pas chang\u00e9.<\/p>\n<p style=\"text-align: justify;\">Le livre &#8220;Soaring&#8221; ajoute une autre perspective \u00e0 La Conf\u00e9rence des oiseaux de Farid Al-Din Attar, po\u00e8te persan, dont l&#8217;\u0153uvre tisse le fil conducteur de l&#8217;Orient, d&#8217;hier \u00e0 aujourd&#8217;hui. Gr\u00e2ce \u00e0 la r\u00e9interpr\u00e9tation textuelle de Jean-Claude Carri\u00e8re et au voyage visuel \u00e0 travers les photographies in\u00e9dites de Reza, &#8220;Soaring&#8221; entra\u00eene le lecteur dans une qu\u00eate mystique et intemporelle, au cours de laquelle le soufisme et le monde des r\u00eaves s&#8217;interp\u00e9n\u00e8trent.<\/p>\n<ul>\n<li>Format : 230 x 360 mm<\/li>\n<li>Nombre de pages : 160 pages<\/li>\n<li>Date de publication : 13 octobre 2010<\/li>\n<li>ISBN : 978-2-36104-058-1<\/li>\n<li>\u00c9diteur : Democratic Books<\/li>\n<li>Couverture : Livre reli\u00e9<\/li>\n<\/ul>\n<\/div>\n<\/div>\n<\/div>\n","protected":false},"excerpt":{"rendered":"<p>L&#8217;envol &#8220;L&#8217;envol : La conf\u00e9rence des oiseaux&#8221; Reza &amp; Jean-Claude Carri\u00e8re Editions Democratik Books En regardant les photographies de Reza, [&hellip;]<\/p>\n","protected":false},"author":1,"featured_media":0,"parent":0,"menu_order":0,"comment_status":"closed","ping_status":"closed","template":"","meta":{"footnotes":""},"_links":{"self":[{"href":"https:\/\/reza.photo\/fr\/wp-json\/wp\/v2\/pages\/5670"}],"collection":[{"href":"https:\/\/reza.photo\/fr\/wp-json\/wp\/v2\/pages"}],"about":[{"href":"https:\/\/reza.photo\/fr\/wp-json\/wp\/v2\/types\/page"}],"author":[{"embeddable":true,"href":"https:\/\/reza.photo\/fr\/wp-json\/wp\/v2\/users\/1"}],"replies":[{"embeddable":true,"href":"https:\/\/reza.photo\/fr\/wp-json\/wp\/v2\/comments?post=5670"}],"version-history":[{"count":1,"href":"https:\/\/reza.photo\/fr\/wp-json\/wp\/v2\/pages\/5670\/revisions"}],"predecessor-version":[{"id":5671,"href":"https:\/\/reza.photo\/fr\/wp-json\/wp\/v2\/pages\/5670\/revisions\/5671"}],"wp:attachment":[{"href":"https:\/\/reza.photo\/fr\/wp-json\/wp\/v2\/media?parent=5670"}],"curies":[{"name":"wp","href":"https:\/\/api.w.org\/{rel}","templated":true}]}}