{"id":5672,"date":"2018-04-23T14:26:24","date_gmt":"2018-04-23T12:26:24","guid":{"rendered":"https:\/\/reza.photo\/le-pinceau-de-bouddha\/"},"modified":"2018-04-23T14:26:24","modified_gmt":"2018-04-23T12:26:24","slug":"le-pinceau-de-bouddha","status":"publish","type":"page","link":"https:\/\/reza.photo\/fr\/le-pinceau-de-bouddha\/","title":{"rendered":"Le pinceau de Bouddha"},"content":{"rendered":"<div class=\"cols-wrapper cols-2 one3-two3\">\n<div class=\"cols-wrapper cols-2 one3-two3\">\n<div class=\"col\">\n<p><img decoding=\"async\" loading=\"lazy\" class=\"wp-image-3985 size-full\" src=\"http:\/\/reza.photo\/wp-content\/uploads\/2017\/12\/book_boudhha.png\" alt=\"\" width=\"400\" height=\"400\" srcset=\"https:\/\/reza.photo\/wp-content\/uploads\/2017\/12\/book_boudhha.png 400w, https:\/\/reza.photo\/wp-content\/uploads\/2017\/12\/book_boudhha-150x150.png 150w, https:\/\/reza.photo\/wp-content\/uploads\/2017\/12\/book_boudhha-300x300.png 300w\" sizes=\"(max-width: 400px) 100vw, 400px\" \/><\/p>\n<\/div>\n<div class=\"col nomargin\">\n<p style=\"text-align: justify;\"><b>Le pinceau de Bouddha<\/b><\/p>\n<p style=\"text-align: justify;\">Les montagnes du Xinjiang, qui font partie de l&#8217;ancien Turkistan chinois, abritent des grottes qui sont rest\u00e9es inaccessibles pendant une longue p\u00e9riode. Apr\u00e8s trois ans de n\u00e9gociations, Reza a obtenu l&#8217;autorisation de visiter les grottes afin de d\u00e9couvrir les peintures murales et de les exposer au public. Destin\u00e9es \u00e0 guider le p\u00e8lerinage et la pri\u00e8re, ces images murales, r\u00e9alis\u00e9es entre le IVe et le VIIe si\u00e8cle, racontent l&#8217;histoire du Bouddha : ses vies ant\u00e9rieures, la mythologie bouddhiste, les symboles, les personnages et son bestiaire. Couleurs franches, contraste des styles indien, grec, iranien, afghan et chinois, abondance des formes, etc., ces tr\u00e9sors cach\u00e9s le long des routes de la soie surprennent l&#8217;\u0153il occidental par leur sens de la modernit\u00e9. Des textes r\u00e9dig\u00e9s par des sp\u00e9cialistes du mus\u00e9e Guimet permettent de les interpr\u00e9ter comme des chefs-d&#8217;\u0153uvre de l&#8217;histoire de l&#8217;art et du bouddhisme.<\/p>\n<p>&nbsp;<\/p>\n<ul>\n<li>Format : 250 x 250 mm<\/li>\n<li>Nombre de pages : 167 pages<\/li>\n<li>Date de publication : 2002<\/li>\n<li>ISBN : 978-2732427416<\/li>\n<li>\u00c9diteur : La Martini\u00e8re<\/li>\n<li>Couverture : Livre reli\u00e9<\/li>\n<\/ul>\n<p style=\"text-align: justify;\"><strong> <\/strong><\/p>\n<p><img decoding=\"async\" class=\"cols-default column-option column-option-btn\" title=\"Modifier la mise en page\" src=\"http:\/\/reza.photo\/wp-content\/themes\/thestory\/functions\/formatting-buttons\/btnicons\/bg.png\" data-mce-placeholder=\"1\" data-opt=\"cols-default\"><img decoding=\"async\" class=\"one3-two3 column-option column-option-btn\" title=\"Modifier la mise en page\" src=\"http:\/\/reza.photo\/wp-content\/themes\/thestory\/functions\/formatting-buttons\/btnicons\/bg.png\" data-mce-placeholder=\"1\" data-opt=\"one3-two3\"><img decoding=\"async\" class=\"two3-one3 column-option column-option-btn\" title=\"Modifier la mise en page\" src=\"http:\/\/reza.photo\/wp-content\/themes\/thestory\/functions\/formatting-buttons\/btnicons\/bg.png\" data-mce-placeholder=\"1\" data-opt=\"two3-one3\"><img decoding=\"async\" class=\"delete-columns column-option-btn\" title=\"Supprimer des colonnes\" src=\"http:\/\/reza.photo\/wp-content\/themes\/thestory\/functions\/formatting-buttons\/btnicons\/bg.png\" data-mce-placeholder=\"1\"><\/p>\n<\/div>\n<\/div>\n<p>&nbsp;<\/p>\n<\/div>\n","protected":false},"excerpt":{"rendered":"<p>Le pinceau de Bouddha Les montagnes du Xinjiang, qui font partie de l&#8217;ancien Turkistan chinois, abritent des grottes qui sont [&hellip;]<\/p>\n","protected":false},"author":1,"featured_media":0,"parent":0,"menu_order":0,"comment_status":"closed","ping_status":"closed","template":"","meta":{"footnotes":""},"_links":{"self":[{"href":"https:\/\/reza.photo\/fr\/wp-json\/wp\/v2\/pages\/5672"}],"collection":[{"href":"https:\/\/reza.photo\/fr\/wp-json\/wp\/v2\/pages"}],"about":[{"href":"https:\/\/reza.photo\/fr\/wp-json\/wp\/v2\/types\/page"}],"author":[{"embeddable":true,"href":"https:\/\/reza.photo\/fr\/wp-json\/wp\/v2\/users\/1"}],"replies":[{"embeddable":true,"href":"https:\/\/reza.photo\/fr\/wp-json\/wp\/v2\/comments?post=5672"}],"version-history":[{"count":0,"href":"https:\/\/reza.photo\/fr\/wp-json\/wp\/v2\/pages\/5672\/revisions"}],"wp:attachment":[{"href":"https:\/\/reza.photo\/fr\/wp-json\/wp\/v2\/media?parent=5672"}],"curies":[{"name":"wp","href":"https:\/\/api.w.org\/{rel}","templated":true}]}}