{"id":5675,"date":"2018-01-11T12:30:40","date_gmt":"2018-01-11T11:30:40","guid":{"rendered":"https:\/\/reza.photo\/massoud-des-russes-aux-talibans\/"},"modified":"2018-01-11T12:30:40","modified_gmt":"2018-01-11T11:30:40","slug":"massoud-des-russes-aux-talibans","status":"publish","type":"page","link":"https:\/\/reza.photo\/fr\/massoud-des-russes-aux-talibans\/","title":{"rendered":"Massoud, des Russes aux Talibans"},"content":{"rendered":"<div class=\"cols-wrapper cols-2 one3-two3\">\n<div class=\"col\">\n<p><img decoding=\"async\" loading=\"lazy\" class=\"wp-image-4333 size-full\" src=\"http:\/\/reza.photo\/wp-content\/uploads\/2018\/01\/book_massoud-1.png\" alt=\"livre_massoud\" width=\"400\" height=\"400\" srcset=\"https:\/\/reza.photo\/wp-content\/uploads\/2018\/01\/book_massoud-1.png 400w, https:\/\/reza.photo\/wp-content\/uploads\/2018\/01\/book_massoud-1-150x150.png 150w, https:\/\/reza.photo\/wp-content\/uploads\/2018\/01\/book_massoud-1-300x300.png 300w\" sizes=\"(max-width: 400px) 100vw, 400px\" \/><\/p>\n<\/div>\n<div class=\"col nomargin\">\n<p><strong>Massoud, Massoud, des Russes aux Talibans<\/strong><\/p>\n<p><strong>Titre fran\u00e7ais : Massoud, des Russes aux Talibans<\/strong><\/p>\n<p id=\"internal-source-marker_0.7576582123625819\" dir=\"ltr\" style=\"text-align: justify;\">Ahmad Shah Massoud, le &#8220;Lion de Panjsher&#8221;, a \u00e9t\u00e9 le principal opposant au r\u00e9gime des Talibans \u00e0 partir de 1996. D\u00e8s 1979, Massoud \u00e9tait un chef de guerre et luttait pour la libert\u00e9 contre les envahisseurs sovi\u00e9tiques. Vingt ans de r\u00e9sistance, vingt ans pass\u00e9s \u00e0 porter la flamme de la libert\u00e9 et \u00e0 tenter d&#8217;instaurer la paix en Afghanistan.<\/p>\n<p dir=\"ltr\" style=\"text-align: justify;\">Un portrait intime et r\u00e9aliste du commandant Massoud et de la r\u00e9sistance afghane sur vingt ans \u00e9merge des photographies de Reza, celui avec qui Massoud &#8220;aimait jouer aux \u00e9checs quand les canons cessaient de tirer&#8221;.<\/p>\n<p dir=\"ltr\" style=\"text-align: justify;\">Une \u00e9pop\u00e9e unique comment\u00e9e par Jean-Pierre Perrin, journaliste \u00e0 Lib\u00e9ration et sp\u00e9cialiste de l&#8217;Afghanistan.<\/p>\n<ul>\n<li>Format : 250 x 350 mm<\/li>\n<li>Nombre de pages : 127 pages<\/li>\n<li>Date de publication : 6 novembre 2001<\/li>\n<li>ISBN : 2-84612-064-1<\/li>\n<li>Editeur : Editions N\u00b01<\/li>\n<li>Couverture : Flexible<\/li>\n<\/ul>\n<\/div>\n<\/div>\n<p>&nbsp;<\/p>\n","protected":false},"excerpt":{"rendered":"<p>Massoud, Massoud, des Russes aux Talibans Titre fran\u00e7ais : Massoud, des Russes aux Talibans Ahmad Shah Massoud, le &#8220;Lion de [&hellip;]<\/p>\n","protected":false},"author":1,"featured_media":0,"parent":0,"menu_order":0,"comment_status":"closed","ping_status":"closed","template":"","meta":{"footnotes":""},"_links":{"self":[{"href":"https:\/\/reza.photo\/fr\/wp-json\/wp\/v2\/pages\/5675"}],"collection":[{"href":"https:\/\/reza.photo\/fr\/wp-json\/wp\/v2\/pages"}],"about":[{"href":"https:\/\/reza.photo\/fr\/wp-json\/wp\/v2\/types\/page"}],"author":[{"embeddable":true,"href":"https:\/\/reza.photo\/fr\/wp-json\/wp\/v2\/users\/1"}],"replies":[{"embeddable":true,"href":"https:\/\/reza.photo\/fr\/wp-json\/wp\/v2\/comments?post=5675"}],"version-history":[{"count":0,"href":"https:\/\/reza.photo\/fr\/wp-json\/wp\/v2\/pages\/5675\/revisions"}],"wp:attachment":[{"href":"https:\/\/reza.photo\/fr\/wp-json\/wp\/v2\/media?parent=5675"}],"curies":[{"name":"wp","href":"https:\/\/api.w.org\/{rel}","templated":true}]}}