{"id":5678,"date":"2017-12-04T16:46:12","date_gmt":"2017-12-04T15:46:12","guid":{"rendered":"https:\/\/reza.photo\/les-ames-rebelles\/"},"modified":"2017-12-04T16:46:12","modified_gmt":"2017-12-04T15:46:12","slug":"les-ames-rebelles","status":"publish","type":"page","link":"https:\/\/reza.photo\/fr\/les-ames-rebelles\/","title":{"rendered":"Les \u00e2mes rebelles"},"content":{"rendered":"<div class=\"cols-wrapper cols-2 one3-two3\">\n<div class=\"col\">\n<p><img decoding=\"async\" loading=\"lazy\" class=\"alignnone wp-image-3990 size-full\" src=\"http:\/\/reza.photo\/wp-content\/uploads\/2017\/12\/book_amesreblles.png\" alt=\"\" width=\"400\" height=\"400\" srcset=\"https:\/\/reza.photo\/wp-content\/uploads\/2017\/12\/book_amesreblles.png 400w, https:\/\/reza.photo\/wp-content\/uploads\/2017\/12\/book_amesreblles-150x150.png 150w, https:\/\/reza.photo\/wp-content\/uploads\/2017\/12\/book_amesreblles-300x300.png 300w\" sizes=\"(max-width: 400px) 100vw, 400px\" \/><\/p>\n<\/div>\n<div class=\"col nomargin\">\n<p style=\"text-align: justify;\"><strong>Les \u00e2mes rebelles <\/strong><strong>Un hommage vivant et po\u00e9tique \u00e0 un pays et \u00e0 son peuple<\/strong><\/p>\n<p style=\"text-align: justify;\">C&#8217;est une histoire forte qui parle de fid\u00e9lit\u00e9 et d&#8217;amiti\u00e9, deux mots qui vont bien ensemble. L&#8217;amiti\u00e9 de Reza avec Massoud, un r\u00e9sistant, et la fid\u00e9lit\u00e9 de Massoud \u00e0 son peuple et \u00e0 son pays, l&#8217;Afghanistan. Au fil des pages et des images, les ombres des guerres pass\u00e9es persistent, mais les paysages verdoyants et la po\u00e9sie apportent des traces de vie qui reprennent peu \u00e0 peu leur force. Les textes en fran\u00e7ais et en persan d&#8217;Atiq Rahimi se d\u00e9ploient \u00e0 c\u00f4t\u00e9 des photographies de Reza, cr\u00e9ant un dialogue tiss\u00e9 entre les deux.<\/p>\n<ul>\n<li>Format : 260 x 320 mm<\/li>\n<li>nombre de pages : <span style=\"color: #000000;\">224 pages<\/span><\/li>\n<li>date de publication : <span style=\"color: #000000;\">28 octobre 2010<\/span><\/li>\n<li>ISBN : <span style=\"color: #000000;\">978 &#8211; 2 &#8211; 36104 &#8211; 015 &#8211; 4<\/span><\/li>\n<li>\u00e9diteur <span style=\"color: #000000;\">: Democratic Books<\/span><\/li>\n<li>couverture : <span style=\"color: #000000;\">rigide<\/span><\/li>\n<\/ul>\n<p><span style=\"color: #800000;\"><br \/>\n  <strong>A commander :<\/strong><br \/>\n<\/span> <a href=\"https:\/\/webistan.biz\/produit\/les-ames-rebelles\" target=\"_blank\" rel=\"noopener\"><br \/>\n  <strong>Les \u00e2mes rebelles<\/strong><br \/>\n<\/a><\/p>\n<p><img decoding=\"async\" class=\"cols-default column-option column-option-btn\" title=\"Modifier la mise en page\" src=\"http:\/\/reza.photo\/wp-content\/themes\/thestory\/functions\/formatting-buttons\/btnicons\/bg.png\" data-mce-placeholder=\"1\" data-opt=\"cols-default\"><img decoding=\"async\" class=\"one3-two3 column-option column-option-btn\" title=\"Modifier la mise en page\" src=\"http:\/\/reza.photo\/wp-content\/themes\/thestory\/functions\/formatting-buttons\/btnicons\/bg.png\" data-mce-placeholder=\"1\" data-opt=\"one3-two3\"><img decoding=\"async\" class=\"two3-one3 column-option column-option-btn\" title=\"Modifier la mise en page\" src=\"http:\/\/reza.photo\/wp-content\/themes\/thestory\/functions\/formatting-buttons\/btnicons\/bg.png\" data-mce-placeholder=\"1\" data-opt=\"two3-one3\"><img decoding=\"async\" class=\"delete-columns column-option-btn\" title=\"Supprimer des colonnes\" src=\"http:\/\/reza.photo\/wp-content\/themes\/thestory\/functions\/formatting-buttons\/btnicons\/bg.png\" data-mce-placeholder=\"1\"><\/p>\n<\/div>\n<\/div>\n","protected":false},"excerpt":{"rendered":"<p>Les \u00e2mes rebelles Un hommage vivant et po\u00e9tique \u00e0 un pays et \u00e0 son peuple C&#8217;est une histoire forte qui [&hellip;]<\/p>\n","protected":false},"author":1,"featured_media":0,"parent":0,"menu_order":0,"comment_status":"closed","ping_status":"closed","template":"","meta":{"footnotes":""},"_links":{"self":[{"href":"https:\/\/reza.photo\/fr\/wp-json\/wp\/v2\/pages\/5678"}],"collection":[{"href":"https:\/\/reza.photo\/fr\/wp-json\/wp\/v2\/pages"}],"about":[{"href":"https:\/\/reza.photo\/fr\/wp-json\/wp\/v2\/types\/page"}],"author":[{"embeddable":true,"href":"https:\/\/reza.photo\/fr\/wp-json\/wp\/v2\/users\/1"}],"replies":[{"embeddable":true,"href":"https:\/\/reza.photo\/fr\/wp-json\/wp\/v2\/comments?post=5678"}],"version-history":[{"count":0,"href":"https:\/\/reza.photo\/fr\/wp-json\/wp\/v2\/pages\/5678\/revisions"}],"wp:attachment":[{"href":"https:\/\/reza.photo\/fr\/wp-json\/wp\/v2\/media?parent=5678"}],"curies":[{"name":"wp","href":"https:\/\/api.w.org\/{rel}","templated":true}]}}